{"id":1447,"date":"2024-11-05T15:01:24","date_gmt":"2024-11-05T15:01:24","guid":{"rendered":"https:\/\/nuernberg-penshow.com\/picture-credits\/"},"modified":"2024-11-12T12:05:52","modified_gmt":"2024-11-12T12:05:52","slug":"picture-credits","status":"publish","type":"page","link":"https:\/\/nuernberg-penshow.com\/en\/picture-credits\/","title":{"rendered":"Picture credits"},"content":{"rendered":"<p>[et_pb_section fb_built=&#8221;1&#8243; _builder_version=&#8221;4.27.2&#8243; _module_preset=&#8221;default&#8221; global_colors_info=&#8221;{}&#8221;][et_pb_row _builder_version=&#8221;4.27.2&#8243; _module_preset=&#8221;default&#8221; global_colors_info=&#8221;{}&#8221;][et_pb_column type=&#8221;4_4&#8243; _builder_version=&#8221;4.27.2&#8243; _module_preset=&#8221;default&#8221; global_colors_info=&#8221;{}&#8221;][et_pb_text _builder_version=&#8221;4.27.2&#8243; _module_preset=&#8221;default&#8221; header_font=&#8221;Caladea Regular||||||||&#8221; header_text_color=&#8221;#998257&#8243; header_font_size=&#8221;75px&#8221; header_text_shadow_style=&#8221;preset4&#8243; header_text_shadow_vertical_length=&#8221;0.03em&#8221; global_colors_info=&#8221;{}&#8221;]<\/p>\n<h1>Picture credits<\/h1>\n<p>&nbsp;<\/p>\n<p>The following pictures can be found on various pages of this homepage.<\/p>\n<p>Most of the photos were taken by the operator of the homepage.<\/p>\n<p>If image credits are missing or image rights need to be clarified, we would be pleased to be informed accordingly.<\/p>\n<p>[\/et_pb_text][et_pb_text _builder_version=&#8221;4.27.2&#8243; _module_preset=&#8221;default&#8221; global_colors_info=&#8221;{}&#8221;]<\/p>\n<p>[isc_list_all included=&#8221;all&#8221;]<\/p>\n<p>[\/et_pb_text][\/et_pb_column][\/et_pb_row][\/et_pb_section]<\/p>\n","protected":false},"excerpt":{"rendered":"<p>Picture credits &nbsp; The following pictures can be found on various pages of this homepage. Most of the photos were taken by the operator of the homepage. If image credits are missing or image rights need to be clarified, we would be pleased to be informed accordingly.[isc_list_all included=&#8221;all&#8221;]<\/p>\n","protected":false},"author":1,"featured_media":0,"parent":0,"menu_order":0,"comment_status":"closed","ping_status":"closed","template":"","meta":{"_et_pb_use_builder":"on","_et_pb_old_content":"","_et_gb_content_width":"","footnotes":""},"class_list":["post-1447","page","type-page","status-publish","hentry"],"yoast_head":"<!-- This site is optimized with the Yoast SEO plugin v27.4 - https:\/\/yoast.com\/product\/yoast-seo-wordpress\/ -->\n<title>Picture credits - N\u00fcrnberg Penshow<\/title>\n<meta name=\"description\" content=\"The following images can be found on various pages of this website. Image credits and image rights are listed.\" \/>\n<meta name=\"robots\" content=\"index, follow, max-snippet:-1, max-image-preview:large, max-video-preview:-1\" \/>\n<link rel=\"canonical\" href=\"https:\/\/nuernberg-penshow.com\/en\/picture-credits\/\" \/>\n<meta property=\"og:locale\" content=\"en_US\" \/>\n<meta property=\"og:type\" content=\"article\" \/>\n<meta property=\"og:title\" content=\"Picture credits - N\u00fcrnberg Penshow\" \/>\n<meta property=\"og:description\" content=\"The following images can be found on various pages of this website. Image credits and image rights are listed.\" \/>\n<meta property=\"og:url\" content=\"https:\/\/nuernberg-penshow.com\/en\/picture-credits\/\" \/>\n<meta property=\"og:site_name\" content=\"N\u00fcrnberg Penshow\" \/>\n<meta property=\"article:modified_time\" content=\"2024-11-12T12:05:52+00:00\" \/>\n<meta name=\"twitter:card\" content=\"summary_large_image\" \/>\n<meta name=\"twitter:label1\" content=\"Est. reading time\" \/>\n\t<meta name=\"twitter:data1\" content=\"1 minute\" \/>\n<script type=\"application\/ld+json\" class=\"yoast-schema-graph\">{\"@context\":\"https:\\\/\\\/schema.org\",\"@graph\":[{\"@type\":\"WebPage\",\"@id\":\"https:\\\/\\\/nuernberg-penshow.com\\\/en\\\/picture-credits\\\/\",\"url\":\"https:\\\/\\\/nuernberg-penshow.com\\\/en\\\/picture-credits\\\/\",\"name\":\"Picture credits - N\u00fcrnberg Penshow\",\"isPartOf\":{\"@id\":\"https:\\\/\\\/nuernberg-penshow.com\\\/en\\\/#website\"},\"datePublished\":\"2024-11-05T15:01:24+00:00\",\"dateModified\":\"2024-11-12T12:05:52+00:00\",\"description\":\"The following images can be found on various pages of this website. Image credits and image rights are listed.\",\"breadcrumb\":{\"@id\":\"https:\\\/\\\/nuernberg-penshow.com\\\/en\\\/picture-credits\\\/#breadcrumb\"},\"inLanguage\":\"en-US\",\"potentialAction\":[{\"@type\":\"ReadAction\",\"target\":[\"https:\\\/\\\/nuernberg-penshow.com\\\/en\\\/picture-credits\\\/\"]}]},{\"@type\":\"BreadcrumbList\",\"@id\":\"https:\\\/\\\/nuernberg-penshow.com\\\/en\\\/picture-credits\\\/#breadcrumb\",\"itemListElement\":[{\"@type\":\"ListItem\",\"position\":1,\"name\":\"Startseite\",\"item\":\"https:\\\/\\\/nuernberg-penshow.com\\\/en\\\/\"},{\"@type\":\"ListItem\",\"position\":2,\"name\":\"Picture credits\"}]},{\"@type\":\"WebSite\",\"@id\":\"https:\\\/\\\/nuernberg-penshow.com\\\/en\\\/#website\",\"url\":\"https:\\\/\\\/nuernberg-penshow.com\\\/en\\\/\",\"name\":\"N\u00fcrnberg Penshow\",\"description\":\"Der Treffpunkt f\u00fcr Aussteller, Sammler und Liebhaber von Schreibger\u00e4ten in S\u00fcddeutschland.\",\"potentialAction\":[{\"@type\":\"SearchAction\",\"target\":{\"@type\":\"EntryPoint\",\"urlTemplate\":\"https:\\\/\\\/nuernberg-penshow.com\\\/en\\\/?s={search_term_string}\"},\"query-input\":{\"@type\":\"PropertyValueSpecification\",\"valueRequired\":true,\"valueName\":\"search_term_string\"}}],\"inLanguage\":\"en-US\"}]}<\/script>\n<!-- \/ Yoast SEO plugin. -->","yoast_head_json":{"title":"Picture credits - N\u00fcrnberg Penshow","description":"The following images can be found on various pages of this website. Image credits and image rights are listed.","robots":{"index":"index","follow":"follow","max-snippet":"max-snippet:-1","max-image-preview":"max-image-preview:large","max-video-preview":"max-video-preview:-1"},"canonical":"https:\/\/nuernberg-penshow.com\/en\/picture-credits\/","og_locale":"en_US","og_type":"article","og_title":"Picture credits - N\u00fcrnberg Penshow","og_description":"The following images can be found on various pages of this website. Image credits and image rights are listed.","og_url":"https:\/\/nuernberg-penshow.com\/en\/picture-credits\/","og_site_name":"N\u00fcrnberg Penshow","article_modified_time":"2024-11-12T12:05:52+00:00","twitter_card":"summary_large_image","twitter_misc":{"Est. reading time":"1 minute"},"schema":{"@context":"https:\/\/schema.org","@graph":[{"@type":"WebPage","@id":"https:\/\/nuernberg-penshow.com\/en\/picture-credits\/","url":"https:\/\/nuernberg-penshow.com\/en\/picture-credits\/","name":"Picture credits - N\u00fcrnberg Penshow","isPartOf":{"@id":"https:\/\/nuernberg-penshow.com\/en\/#website"},"datePublished":"2024-11-05T15:01:24+00:00","dateModified":"2024-11-12T12:05:52+00:00","description":"The following images can be found on various pages of this website. Image credits and image rights are listed.","breadcrumb":{"@id":"https:\/\/nuernberg-penshow.com\/en\/picture-credits\/#breadcrumb"},"inLanguage":"en-US","potentialAction":[{"@type":"ReadAction","target":["https:\/\/nuernberg-penshow.com\/en\/picture-credits\/"]}]},{"@type":"BreadcrumbList","@id":"https:\/\/nuernberg-penshow.com\/en\/picture-credits\/#breadcrumb","itemListElement":[{"@type":"ListItem","position":1,"name":"Startseite","item":"https:\/\/nuernberg-penshow.com\/en\/"},{"@type":"ListItem","position":2,"name":"Picture credits"}]},{"@type":"WebSite","@id":"https:\/\/nuernberg-penshow.com\/en\/#website","url":"https:\/\/nuernberg-penshow.com\/en\/","name":"N\u00fcrnberg Penshow","description":"Der Treffpunkt f\u00fcr Aussteller, Sammler und Liebhaber von Schreibger\u00e4ten in S\u00fcddeutschland.","potentialAction":[{"@type":"SearchAction","target":{"@type":"EntryPoint","urlTemplate":"https:\/\/nuernberg-penshow.com\/en\/?s={search_term_string}"},"query-input":{"@type":"PropertyValueSpecification","valueRequired":true,"valueName":"search_term_string"}}],"inLanguage":"en-US"}]}},"_links":{"self":[{"href":"https:\/\/nuernberg-penshow.com\/en\/wp-json\/wp\/v2\/pages\/1447","targetHints":{"allow":["GET"]}}],"collection":[{"href":"https:\/\/nuernberg-penshow.com\/en\/wp-json\/wp\/v2\/pages"}],"about":[{"href":"https:\/\/nuernberg-penshow.com\/en\/wp-json\/wp\/v2\/types\/page"}],"author":[{"embeddable":true,"href":"https:\/\/nuernberg-penshow.com\/en\/wp-json\/wp\/v2\/users\/1"}],"replies":[{"embeddable":true,"href":"https:\/\/nuernberg-penshow.com\/en\/wp-json\/wp\/v2\/comments?post=1447"}],"version-history":[{"count":3,"href":"https:\/\/nuernberg-penshow.com\/en\/wp-json\/wp\/v2\/pages\/1447\/revisions"}],"predecessor-version":[{"id":1454,"href":"https:\/\/nuernberg-penshow.com\/en\/wp-json\/wp\/v2\/pages\/1447\/revisions\/1454"}],"wp:attachment":[{"href":"https:\/\/nuernberg-penshow.com\/en\/wp-json\/wp\/v2\/media?parent=1447"}],"curies":[{"name":"wp","href":"https:\/\/api.w.org\/{rel}","templated":true}]}}