{"id":1463,"date":"2024-12-20T19:53:59","date_gmt":"2024-12-20T19:53:59","guid":{"rendered":"https:\/\/nuernberg-penshow.com\/imprint\/"},"modified":"2026-03-28T19:54:22","modified_gmt":"2026-03-28T19:54:22","slug":"imprint","status":"publish","type":"page","link":"https:\/\/nuernberg-penshow.com\/en\/imprint\/","title":{"rendered":"Imprint"},"content":{"rendered":"<p>[et_pb_section fb_built=&#8221;1&#8243; _builder_version=&#8221;4.27.2&#8243; _module_preset=&#8221;default&#8221; global_colors_info=&#8221;{}&#8221;][et_pb_row _builder_version=&#8221;4.27.2&#8243; _module_preset=&#8221;default&#8221; global_colors_info=&#8221;{}&#8221;][et_pb_column type=&#8221;4_4&#8243; _builder_version=&#8221;4.27.2&#8243; _module_preset=&#8221;default&#8221; global_colors_info=&#8221;{}&#8221;][et_pb_text _builder_version=&#8221;4.27.2&#8243; _module_preset=&#8221;default&#8221; header_font=&#8221;Caladea Regular||||||||&#8221; header_text_color=&#8221;#998257&#8243; header_font_size=&#8221;75px&#8221; header_text_shadow_style=&#8221;preset4&#8243; header_text_shadow_vertical_length=&#8221;0.03em&#8221; global_colors_info=&#8221;{}&#8221;]<\/p>\n<h1>Imprint<\/h1>\n<p>&nbsp;<\/p>\n<p>&nbsp;<\/p>\n<p>[\/et_pb_text][et_pb_code _builder_version=&#8221;4.27.2&#8243; _module_preset=&#8221;default&#8221; global_colors_info=&#8221;{}&#8221;]<div  class=\"agb_content agb_imprint  notranslate\"><div>h&amp;m gutberlet GmbH<br \/>\nMax-Brod-Str. 11<br \/>\n90471 N&uuml;rnberg<br \/>\nDeutschland<br \/>\n<br \/>\nTel.: +49 (0)911 81866-0<br \/>\nFax: +49 (0)911 81866-22<br \/>\nE-Mail: hello@nuernberg-penshow.com<br \/>\n<br \/>\nRegistergericht: Amtsgericht N&uuml;rnberg<br \/>\nRegisternummer: HRB 5787<br \/>\n<br \/>\nGesch&auml;ftsf&uuml;hrer\/innen: Michael Gutberlet, Sebastian Gutberlet, Christiane De La Rosa, Sandra Tesar<br \/>\n<br \/>\nUmsatzsteuer-Identifikationsnummer: DE133517927<br \/>\n<br \/>\nVerantwortliche\/r i.S.d. &sect; 18 Abs. 2 MStV:<br \/>\nh&amp;m gutberlet gmbh, Max-Brod-Str. 11, 90471 N&uuml;rnberg<\/div><div id=\"itkanzlei_txt_copyright\" style=\"font-size: 12px; margin-top: 8em;\"><div style=\"display: inline-block; vertical-align: top; margin-left: 5px; float: right; white-space: nowrap;\">Stand: 28.03.2026, 20:54:20<\/div><div style=\"clear: right;\"><\/div><\/div><\/div>[\/et_pb_code][\/et_pb_column][\/et_pb_row][\/et_pb_section]<\/p>\n","protected":false},"excerpt":{"rendered":"<p>Imprint &nbsp; &nbsp;<div  class=\"agb_content agb_imprint  notranslate\"><div>h&amp;m gutberlet GmbH<br \/>\nMax-Brod-Str. 11<br \/>\n90471 N&uuml;rnberg<br \/>\nDeutschland<br \/>\n<br \/>\nTel.: +49 (0)911 81866-0<br \/>\nFax: +49 (0)911 81866-22<br \/>\nE-Mail: hello@nuernberg-penshow.com<br \/>\n<br \/>\nRegistergericht: Amtsgericht N&uuml;rnberg<br \/>\nRegisternummer: HRB 5787<br \/>\n<br \/>\nGesch&auml;ftsf&uuml;hrer\/innen: Michael Gutberlet, Sebastian Gutberlet, Christiane De La Rosa, Sandra Tesar<br \/>\n<br \/>\nUmsatzsteuer-Identifikationsnummer: DE133517927<br \/>\n<br \/>\nVerantwortliche\/r i.S.d. &sect; 18 Abs. 2 MStV:<br \/>\nh&amp;m gutberlet gmbh, Max-Brod-Str. 11, 90471 N&uuml;rnberg<\/div><div id=\"itkanzlei_txt_copyright\" style=\"font-size: 12px; margin-top: 8em;\"><div style=\"display: inline-block; vertical-align: top; margin-left: 5px; float: right; white-space: nowrap;\">Stand: 28.03.2026, 20:54:20<\/div><div style=\"clear: right;\"><\/div><\/div><\/div><\/p>\n","protected":false},"author":1,"featured_media":0,"parent":0,"menu_order":0,"comment_status":"closed","ping_status":"closed","template":"","meta":{"_et_pb_use_builder":"on","_et_pb_old_content":"","_et_gb_content_width":"","footnotes":""},"class_list":["post-1463","page","type-page","status-publish","hentry"],"yoast_head":"<!-- This site is optimized with the Yoast SEO plugin v27.4 - https:\/\/yoast.com\/product\/yoast-seo-wordpress\/ -->\n<title>Imprint - N\u00fcrnberg Penshow<\/title>\n<meta name=\"description\" content=\"Here you can find the imprint of the N\u00fcrnberg Penshow.\" \/>\n<meta name=\"robots\" content=\"index, follow, max-snippet:-1, max-image-preview:large, max-video-preview:-1\" \/>\n<link rel=\"canonical\" href=\"https:\/\/nuernberg-penshow.com\/en\/imprint\/\" \/>\n<meta property=\"og:locale\" content=\"en_US\" \/>\n<meta property=\"og:type\" content=\"article\" \/>\n<meta property=\"og:title\" content=\"Imprint - N\u00fcrnberg Penshow\" \/>\n<meta property=\"og:description\" content=\"Here you can find the imprint of the N\u00fcrnberg Penshow.\" \/>\n<meta property=\"og:url\" content=\"https:\/\/nuernberg-penshow.com\/en\/imprint\/\" \/>\n<meta property=\"og:site_name\" content=\"N\u00fcrnberg Penshow\" \/>\n<meta property=\"article:modified_time\" content=\"2026-03-28T19:54:22+00:00\" \/>\n<meta name=\"twitter:card\" content=\"summary_large_image\" \/>\n<meta name=\"twitter:label1\" content=\"Est. reading time\" \/>\n\t<meta name=\"twitter:data1\" content=\"1 minute\" \/>\n<script type=\"application\/ld+json\" class=\"yoast-schema-graph\">{\"@context\":\"https:\\\/\\\/schema.org\",\"@graph\":[{\"@type\":\"WebPage\",\"@id\":\"https:\\\/\\\/nuernberg-penshow.com\\\/en\\\/imprint\\\/\",\"url\":\"https:\\\/\\\/nuernberg-penshow.com\\\/en\\\/imprint\\\/\",\"name\":\"Imprint - N\u00fcrnberg Penshow\",\"isPartOf\":{\"@id\":\"https:\\\/\\\/nuernberg-penshow.com\\\/en\\\/#website\"},\"datePublished\":\"2024-12-20T19:53:59+00:00\",\"dateModified\":\"2026-03-28T19:54:22+00:00\",\"description\":\"Here you can find the imprint of the N\u00fcrnberg Penshow.\",\"breadcrumb\":{\"@id\":\"https:\\\/\\\/nuernberg-penshow.com\\\/en\\\/imprint\\\/#breadcrumb\"},\"inLanguage\":\"en-US\",\"potentialAction\":[{\"@type\":\"ReadAction\",\"target\":[\"https:\\\/\\\/nuernberg-penshow.com\\\/en\\\/imprint\\\/\"]}]},{\"@type\":\"BreadcrumbList\",\"@id\":\"https:\\\/\\\/nuernberg-penshow.com\\\/en\\\/imprint\\\/#breadcrumb\",\"itemListElement\":[{\"@type\":\"ListItem\",\"position\":1,\"name\":\"Startseite\",\"item\":\"https:\\\/\\\/nuernberg-penshow.com\\\/en\\\/\"},{\"@type\":\"ListItem\",\"position\":2,\"name\":\"Imprint\"}]},{\"@type\":\"WebSite\",\"@id\":\"https:\\\/\\\/nuernberg-penshow.com\\\/en\\\/#website\",\"url\":\"https:\\\/\\\/nuernberg-penshow.com\\\/en\\\/\",\"name\":\"N\u00fcrnberg Penshow\",\"description\":\"Der Treffpunkt f\u00fcr Aussteller, Sammler und Liebhaber von Schreibger\u00e4ten in S\u00fcddeutschland.\",\"potentialAction\":[{\"@type\":\"SearchAction\",\"target\":{\"@type\":\"EntryPoint\",\"urlTemplate\":\"https:\\\/\\\/nuernberg-penshow.com\\\/en\\\/?s={search_term_string}\"},\"query-input\":{\"@type\":\"PropertyValueSpecification\",\"valueRequired\":true,\"valueName\":\"search_term_string\"}}],\"inLanguage\":\"en-US\"}]}<\/script>\n<!-- \/ Yoast SEO plugin. -->","yoast_head_json":{"title":"Imprint - N\u00fcrnberg Penshow","description":"Here you can find the imprint of the N\u00fcrnberg Penshow.","robots":{"index":"index","follow":"follow","max-snippet":"max-snippet:-1","max-image-preview":"max-image-preview:large","max-video-preview":"max-video-preview:-1"},"canonical":"https:\/\/nuernberg-penshow.com\/en\/imprint\/","og_locale":"en_US","og_type":"article","og_title":"Imprint - N\u00fcrnberg Penshow","og_description":"Here you can find the imprint of the N\u00fcrnberg Penshow.","og_url":"https:\/\/nuernberg-penshow.com\/en\/imprint\/","og_site_name":"N\u00fcrnberg Penshow","article_modified_time":"2026-03-28T19:54:22+00:00","twitter_card":"summary_large_image","twitter_misc":{"Est. reading time":"1 minute"},"schema":{"@context":"https:\/\/schema.org","@graph":[{"@type":"WebPage","@id":"https:\/\/nuernberg-penshow.com\/en\/imprint\/","url":"https:\/\/nuernberg-penshow.com\/en\/imprint\/","name":"Imprint - N\u00fcrnberg Penshow","isPartOf":{"@id":"https:\/\/nuernberg-penshow.com\/en\/#website"},"datePublished":"2024-12-20T19:53:59+00:00","dateModified":"2026-03-28T19:54:22+00:00","description":"Here you can find the imprint of the N\u00fcrnberg Penshow.","breadcrumb":{"@id":"https:\/\/nuernberg-penshow.com\/en\/imprint\/#breadcrumb"},"inLanguage":"en-US","potentialAction":[{"@type":"ReadAction","target":["https:\/\/nuernberg-penshow.com\/en\/imprint\/"]}]},{"@type":"BreadcrumbList","@id":"https:\/\/nuernberg-penshow.com\/en\/imprint\/#breadcrumb","itemListElement":[{"@type":"ListItem","position":1,"name":"Startseite","item":"https:\/\/nuernberg-penshow.com\/en\/"},{"@type":"ListItem","position":2,"name":"Imprint"}]},{"@type":"WebSite","@id":"https:\/\/nuernberg-penshow.com\/en\/#website","url":"https:\/\/nuernberg-penshow.com\/en\/","name":"N\u00fcrnberg Penshow","description":"Der Treffpunkt f\u00fcr Aussteller, Sammler und Liebhaber von Schreibger\u00e4ten in S\u00fcddeutschland.","potentialAction":[{"@type":"SearchAction","target":{"@type":"EntryPoint","urlTemplate":"https:\/\/nuernberg-penshow.com\/en\/?s={search_term_string}"},"query-input":{"@type":"PropertyValueSpecification","valueRequired":true,"valueName":"search_term_string"}}],"inLanguage":"en-US"}]}},"_links":{"self":[{"href":"https:\/\/nuernberg-penshow.com\/en\/wp-json\/wp\/v2\/pages\/1463","targetHints":{"allow":["GET"]}}],"collection":[{"href":"https:\/\/nuernberg-penshow.com\/en\/wp-json\/wp\/v2\/pages"}],"about":[{"href":"https:\/\/nuernberg-penshow.com\/en\/wp-json\/wp\/v2\/types\/page"}],"author":[{"embeddable":true,"href":"https:\/\/nuernberg-penshow.com\/en\/wp-json\/wp\/v2\/users\/1"}],"replies":[{"embeddable":true,"href":"https:\/\/nuernberg-penshow.com\/en\/wp-json\/wp\/v2\/comments?post=1463"}],"version-history":[{"count":11,"href":"https:\/\/nuernberg-penshow.com\/en\/wp-json\/wp\/v2\/pages\/1463\/revisions"}],"predecessor-version":[{"id":1962,"href":"https:\/\/nuernberg-penshow.com\/en\/wp-json\/wp\/v2\/pages\/1463\/revisions\/1962"}],"wp:attachment":[{"href":"https:\/\/nuernberg-penshow.com\/en\/wp-json\/wp\/v2\/media?parent=1463"}],"curies":[{"name":"wp","href":"https:\/\/api.w.org\/{rel}","templated":true}]}}