{"id":1466,"date":"2024-11-05T14:42:00","date_gmt":"2024-11-05T14:42:00","guid":{"rendered":"https:\/\/nuernberg-penshow.com\/2023-2\/"},"modified":"2024-11-12T12:05:52","modified_gmt":"2024-11-12T12:05:52","slug":"2023-2","status":"publish","type":"page","link":"https:\/\/nuernberg-penshow.com\/en\/2023-2\/","title":{"rendered":"2023"},"content":{"rendered":"<p>[et_pb_section fb_built=&#8221;1&#8243; admin_label=&#8221;Header&#8221; _builder_version=&#8221;4.16&#8243; custom_padding=&#8221;||0px|||&#8221; locked=&#8221;off&#8221; global_colors_info=&#8221;{}&#8221;][et_pb_row _builder_version=&#8221;4.16&#8243; custom_margin=&#8221;56px|auto|6px|auto|false|false&#8221; custom_margin_tablet=&#8221;0px||||false|false&#8221; custom_margin_phone=&#8221;&#8221; custom_margin_last_edited=&#8221;on|desktop&#8221; locked=&#8221;off&#8221; global_colors_info=&#8221;{}&#8221;][et_pb_column type=&#8221;4_4&#8243; _builder_version=&#8221;4.16&#8243; global_colors_info=&#8221;{}&#8221;][et_pb_text _builder_version=&#8221;4.27.2&#8243; text_font=&#8221;Beau Rivage||||||||&#8221; text_text_color=&#8221;#998257&#8243; text_font_size=&#8221;180px&#8221; text_line_height=&#8221;1em&#8221; header_font=&#8221;Bonheur Royale||||||||&#8221; header_text_color=&#8221;#998257&#8243; header_font_size=&#8221;75px&#8221; text_orientation=&#8221;center&#8221; module_alignment=&#8221;center&#8221; custom_margin=&#8221;-0.8em||-0.3em||false|false&#8221; custom_margin_tablet=&#8221;||-40px||false|false&#8221; custom_margin_phone=&#8221;||-30px||false|false&#8221; custom_margin_last_edited=&#8221;on|tablet&#8221; text_font_size_tablet=&#8221;100px&#8221; text_font_size_phone=&#8221;70px&#8221; text_font_size_last_edited=&#8221;on|phone&#8221; text_text_shadow_style=&#8221;preset4&#8243; text_text_shadow_vertical_length=&#8221;0.03em&#8221; header_text_shadow_style=&#8221;preset4&#8243; header_text_shadow_vertical_length=&#8221;0.03em&#8221; locked=&#8221;off&#8221; global_colors_info=&#8221;{}&#8221;]<\/p>\n<h1>Nuremberg Penshow<\/h1>\n<p>[\/et_pb_text][et_pb_text _builder_version=&#8221;4.27.2&#8243; header_font=&#8221;&#8211;et_global_body_font|||on|||||&#8221; header_text_color=&#8221;#010a26&#8243; header_font_size=&#8221;75px&#8221; header_letter_spacing=&#8221;3px&#8221; header_line_height=&#8221;1.3em&#8221; text_orientation=&#8221;center&#8221; header_font_size_tablet=&#8221;40px&#8221; header_font_size_phone=&#8221;24px&#8221; header_font_size_last_edited=&#8221;on|phone&#8221; locked=&#8221;off&#8221; global_colors_info=&#8221;{}&#8221;]<\/p>\n<h1>Review <span style=\"color: #a62929;\">2023<\/span><\/h1>\n<p>[\/et_pb_text][\/et_pb_column][\/et_pb_row][et_pb_row _builder_version=&#8221;4.27.2&#8243; _module_preset=&#8221;default&#8221; global_colors_info=&#8221;{}&#8221;][et_pb_column type=&#8221;4_4&#8243; _builder_version=&#8221;4.27.2&#8243; _module_preset=&#8221;default&#8221; global_colors_info=&#8221;{}&#8221;][et_pb_text _builder_version=&#8221;4.27.2&#8243; _module_preset=&#8221;default&#8221; header_2_font_size=&#8221;14px&#8221; global_colors_info=&#8221;{}&#8221;]<\/p>\n<h2>Here you can see photos from the 14th Nuremberg Penshow in the Tafelhalle.<\/h2>\n<p>[\/et_pb_text][\/et_pb_column][\/et_pb_row][\/et_pb_section][et_pb_section fb_built=&#8221;1&#8243; _builder_version=&#8221;4.27.2&#8243; _module_preset=&#8221;default&#8221; custom_padding=&#8221;1px|||||&#8221; global_colors_info=&#8221;{}&#8221;][et_pb_row column_structure=&#8221;1_4,3_4&#8243; _builder_version=&#8221;4.27.2&#8243; _module_preset=&#8221;default&#8221; border_width_bottom=&#8221;2px&#8221; border_color_bottom=&#8221;#998257&#8243; global_colors_info=&#8221;{}&#8221;][et_pb_column type=&#8221;1_4&#8243; _builder_version=&#8221;4.27.2&#8243; _module_preset=&#8221;default&#8221; global_colors_info=&#8221;{}&#8221;][et_pb_text _builder_version=&#8221;4.27.2&#8243; _module_preset=&#8221;default&#8221; hover_enabled=&#8221;0&#8243; global_colors_info=&#8221;{}&#8221; sticky_enabled=&#8221;0&#8243;]<\/p>\n<p><strong>More pictures<\/strong><\/p>\n<p><a href=\"https:\/\/nuernberg-penshow.com\/en\/2009-2\/\">2009<\/a> | <a href=\"https:\/\/nuernberg-penshow.com\/en\/2010-2\/\">2010<\/a> | <a href=\"https:\/\/nuernberg-penshow.com\/en\/2011-2\/\">2011<\/a> | <a href=\"https:\/\/nuernberg-penshow.com\/en\/2012-2\/\">2012<\/a> |<\/p>\n<p><a href=\"https:\/\/nuernberg-penshow.com\/en\/2013-2\/\">2013<\/a> | <a href=\"https:\/\/nuernberg-penshow.com\/en\/2014-2\/\">2014<\/a> |<a href=\"https:\/\/nuernberg-penshow.com\/en\/2015-2\/\"> 2015<\/a> | <a href=\"https:\/\/nuernberg-penshow.com\/en\/2016-2\/\">2016<\/a> |<\/p>\n<p><a href=\"https:\/\/nuernberg-penshow.com\/en\/2017-2\/\">2017<\/a> | <a href=\"https:\/\/nuernberg-penshow.com\/en\/2018-2\/\">2018<\/a> | <a href=\"https:\/\/nuernberg-penshow.com\/en\/2019-2\/\">2019<\/a> | <a href=\"https:\/\/nuernberg-penshow.com\/en\/2020-2\/\">2020<\/a> |<\/p>\n<p><a href=\"https:\/\/nuernberg-penshow.com\/en\/2021-2\/\">2021<\/a> | <a href=\"https:\/\/nuernberg-penshow.com\/en\/2022-2\/\">2022<\/a> | <a href=\"https:\/\/nuernberg-penshow.com\/en\/2023-2\/\">2023 |<\/a><a href=\"https:\/\/nuernberg-penshow.com\/en\/?page_id=1464\"> 2024<\/a><\/p>\n<p>[\/et_pb_text][\/et_pb_column][et_pb_column type=&#8221;3_4&#8243; _builder_version=&#8221;4.27.2&#8243; _module_preset=&#8221;default&#8221; global_colors_info=&#8221;{}&#8221;][et_pb_text _builder_version=&#8221;4.27.2&#8243; _module_preset=&#8221;default&#8221; custom_margin=&#8221;75px|||||&#8221; global_colors_info=&#8221;{}&#8221;]<\/p>\n<p>Pictures will follow&#8230;<\/p>\n<p>[\/et_pb_text][\/et_pb_column][\/et_pb_row][\/et_pb_section]<\/p>\n","protected":false},"excerpt":{"rendered":"<p>Nuremberg PenshowReview 2023Here you can see photos from the 14th Nuremberg Penshow in the Tafelhalle.More pictures 2009 | 2010 | 2011 | 2012 | 2013 | 2014 | 2015 | 2016 | 2017 | 2018 | 2019 | 2020 | 2021 | 2022 | 2023 | 2024Pictures will follow&#8230;<\/p>\n","protected":false},"author":1,"featured_media":0,"parent":0,"menu_order":0,"comment_status":"closed","ping_status":"closed","template":"","meta":{"_et_pb_use_builder":"on","_et_pb_old_content":"","_et_gb_content_width":"","footnotes":""},"class_list":["post-1466","page","type-page","status-publish","hentry"],"yoast_head":"<!-- This site is optimized with the Yoast SEO plugin v27.3 - https:\/\/yoast.com\/product\/yoast-seo-wordpress\/ -->\n<title>2023 - N\u00fcrnberg Penshow<\/title>\n<meta name=\"robots\" content=\"index, follow, max-snippet:-1, max-image-preview:large, max-video-preview:-1\" \/>\n<link rel=\"canonical\" href=\"https:\/\/nuernberg-penshow.com\/en\/2023-2\/\" \/>\n<meta property=\"og:locale\" content=\"en_US\" \/>\n<meta property=\"og:type\" content=\"article\" \/>\n<meta property=\"og:title\" content=\"2023 - N\u00fcrnberg Penshow\" \/>\n<meta property=\"og:description\" content=\"Nuremberg PenshowReview 2023Here you can see photos from the 14th Nuremberg Penshow in the Tafelhalle.More pictures 2009 | 2010 | 2011 | 2012 | 2013 | 2014 | 2015 | 2016 | 2017 | 2018 | 2019 | 2020 | 2021 | 2022 | 2023 | 2024Pictures will follow...\" \/>\n<meta property=\"og:url\" content=\"https:\/\/nuernberg-penshow.com\/en\/2023-2\/\" \/>\n<meta property=\"og:site_name\" content=\"N\u00fcrnberg Penshow\" \/>\n<meta property=\"article:modified_time\" content=\"2024-11-12T12:05:52+00:00\" \/>\n<meta name=\"twitter:card\" content=\"summary_large_image\" \/>\n<meta name=\"twitter:label1\" content=\"Est. reading time\" \/>\n\t<meta name=\"twitter:data1\" content=\"2 minutes\" \/>\n<script type=\"application\/ld+json\" class=\"yoast-schema-graph\">{\"@context\":\"https:\\\/\\\/schema.org\",\"@graph\":[{\"@type\":\"WebPage\",\"@id\":\"https:\\\/\\\/nuernberg-penshow.com\\\/en\\\/2023-2\\\/\",\"url\":\"https:\\\/\\\/nuernberg-penshow.com\\\/en\\\/2023-2\\\/\",\"name\":\"2023 - N\u00fcrnberg Penshow\",\"isPartOf\":{\"@id\":\"https:\\\/\\\/nuernberg-penshow.com\\\/en\\\/#website\"},\"datePublished\":\"2024-11-05T14:42:00+00:00\",\"dateModified\":\"2024-11-12T12:05:52+00:00\",\"breadcrumb\":{\"@id\":\"https:\\\/\\\/nuernberg-penshow.com\\\/en\\\/2023-2\\\/#breadcrumb\"},\"inLanguage\":\"en-US\",\"potentialAction\":[{\"@type\":\"ReadAction\",\"target\":[\"https:\\\/\\\/nuernberg-penshow.com\\\/en\\\/2023-2\\\/\"]}]},{\"@type\":\"BreadcrumbList\",\"@id\":\"https:\\\/\\\/nuernberg-penshow.com\\\/en\\\/2023-2\\\/#breadcrumb\",\"itemListElement\":[{\"@type\":\"ListItem\",\"position\":1,\"name\":\"Startseite\",\"item\":\"https:\\\/\\\/nuernberg-penshow.com\\\/en\\\/\"},{\"@type\":\"ListItem\",\"position\":2,\"name\":\"2023\"}]},{\"@type\":\"WebSite\",\"@id\":\"https:\\\/\\\/nuernberg-penshow.com\\\/en\\\/#website\",\"url\":\"https:\\\/\\\/nuernberg-penshow.com\\\/en\\\/\",\"name\":\"N\u00fcrnberg Penshow\",\"description\":\"Der Treffpunkt f\u00fcr Aussteller, Sammler und Liebhaber von Schreibger\u00e4ten in S\u00fcddeutschland.\",\"potentialAction\":[{\"@type\":\"SearchAction\",\"target\":{\"@type\":\"EntryPoint\",\"urlTemplate\":\"https:\\\/\\\/nuernberg-penshow.com\\\/en\\\/?s={search_term_string}\"},\"query-input\":{\"@type\":\"PropertyValueSpecification\",\"valueRequired\":true,\"valueName\":\"search_term_string\"}}],\"inLanguage\":\"en-US\"}]}<\/script>\n<!-- \/ Yoast SEO plugin. -->","yoast_head_json":{"title":"2023 - N\u00fcrnberg Penshow","robots":{"index":"index","follow":"follow","max-snippet":"max-snippet:-1","max-image-preview":"max-image-preview:large","max-video-preview":"max-video-preview:-1"},"canonical":"https:\/\/nuernberg-penshow.com\/en\/2023-2\/","og_locale":"en_US","og_type":"article","og_title":"2023 - N\u00fcrnberg Penshow","og_description":"Nuremberg PenshowReview 2023Here you can see photos from the 14th Nuremberg Penshow in the Tafelhalle.More pictures 2009 | 2010 | 2011 | 2012 | 2013 | 2014 | 2015 | 2016 | 2017 | 2018 | 2019 | 2020 | 2021 | 2022 | 2023 | 2024Pictures will follow...","og_url":"https:\/\/nuernberg-penshow.com\/en\/2023-2\/","og_site_name":"N\u00fcrnberg Penshow","article_modified_time":"2024-11-12T12:05:52+00:00","twitter_card":"summary_large_image","twitter_misc":{"Est. reading time":"2 minutes"},"schema":{"@context":"https:\/\/schema.org","@graph":[{"@type":"WebPage","@id":"https:\/\/nuernberg-penshow.com\/en\/2023-2\/","url":"https:\/\/nuernberg-penshow.com\/en\/2023-2\/","name":"2023 - N\u00fcrnberg Penshow","isPartOf":{"@id":"https:\/\/nuernberg-penshow.com\/en\/#website"},"datePublished":"2024-11-05T14:42:00+00:00","dateModified":"2024-11-12T12:05:52+00:00","breadcrumb":{"@id":"https:\/\/nuernberg-penshow.com\/en\/2023-2\/#breadcrumb"},"inLanguage":"en-US","potentialAction":[{"@type":"ReadAction","target":["https:\/\/nuernberg-penshow.com\/en\/2023-2\/"]}]},{"@type":"BreadcrumbList","@id":"https:\/\/nuernberg-penshow.com\/en\/2023-2\/#breadcrumb","itemListElement":[{"@type":"ListItem","position":1,"name":"Startseite","item":"https:\/\/nuernberg-penshow.com\/en\/"},{"@type":"ListItem","position":2,"name":"2023"}]},{"@type":"WebSite","@id":"https:\/\/nuernberg-penshow.com\/en\/#website","url":"https:\/\/nuernberg-penshow.com\/en\/","name":"N\u00fcrnberg Penshow","description":"Der Treffpunkt f\u00fcr Aussteller, Sammler und Liebhaber von Schreibger\u00e4ten in S\u00fcddeutschland.","potentialAction":[{"@type":"SearchAction","target":{"@type":"EntryPoint","urlTemplate":"https:\/\/nuernberg-penshow.com\/en\/?s={search_term_string}"},"query-input":{"@type":"PropertyValueSpecification","valueRequired":true,"valueName":"search_term_string"}}],"inLanguage":"en-US"}]}},"_links":{"self":[{"href":"https:\/\/nuernberg-penshow.com\/en\/wp-json\/wp\/v2\/pages\/1466","targetHints":{"allow":["GET"]}}],"collection":[{"href":"https:\/\/nuernberg-penshow.com\/en\/wp-json\/wp\/v2\/pages"}],"about":[{"href":"https:\/\/nuernberg-penshow.com\/en\/wp-json\/wp\/v2\/types\/page"}],"author":[{"embeddable":true,"href":"https:\/\/nuernberg-penshow.com\/en\/wp-json\/wp\/v2\/users\/1"}],"replies":[{"embeddable":true,"href":"https:\/\/nuernberg-penshow.com\/en\/wp-json\/wp\/v2\/comments?post=1466"}],"version-history":[{"count":4,"href":"https:\/\/nuernberg-penshow.com\/en\/wp-json\/wp\/v2\/pages\/1466\/revisions"}],"predecessor-version":[{"id":1615,"href":"https:\/\/nuernberg-penshow.com\/en\/wp-json\/wp\/v2\/pages\/1466\/revisions\/1615"}],"wp:attachment":[{"href":"https:\/\/nuernberg-penshow.com\/en\/wp-json\/wp\/v2\/media?parent=1466"}],"curies":[{"name":"wp","href":"https:\/\/api.w.org\/{rel}","templated":true}]}}